{"id":47,"date":"2017-05-30T08:31:14","date_gmt":"2017-05-30T06:31:14","guid":{"rendered":"https:\/\/www.ic-services.net\/?page_id=47"},"modified":"2019-05-19T01:49:51","modified_gmt":"2019-05-18T23:49:51","slug":"impressum","status":"publish","type":"page","link":"https:\/\/www.ic-services.net\/?page_id=47","title":{"rendered":"Impressum"},"content":{"rendered":"<p>IC-Services<br \/>\nInh. Thorsten Gerds<\/p>\n<p>Hanauer Weg 43<br \/>\n63654 B\u00fcdingen<\/p>\n<p>Tel.: 06048-951322<br \/>\nFax.: 06048-951955<\/p>\n<p>USt.-Id. DE258559798<br \/>\nSteuer-Nr. 343 210 0080<\/p>\n<p>Plattform der Europ\u00e4ischen Kommission zur Online-Streitbeilegung (OS) f\u00fcr Verbraucher: <a target=\"_blank\" rel=\"noopener noreferrer\">https:\/\/ec.europa.eu\/consumers\/odr\/<\/a>. Wir sind nicht bereit und nicht verpflichtet an einem Streitbeilegungsverfahren vor einer Verbraucherschlichtungsstelle teilzunehmen.<\/p>\n","protected":false},"excerpt":{"rendered":"<p>IC-Services Inh. Thorsten Gerds Hanauer Weg 43 63654 B\u00fcdingen Tel.: 06048-951322 Fax.: 06048-951955 USt.-Id. DE258559798 Steuer-Nr. 343 210 0080 Plattform der Europ\u00e4ischen Kommission zur Online-Streitbeilegung (OS) f\u00fcr Verbraucher: https:\/\/ec.europa.eu\/consumers\/odr\/. Wir sind nicht bereit und nicht verpflichtet an einem Streitbeilegungsverfahren vor einer Verbraucherschlichtungsstelle teilzunehmen.<\/p>\n","protected":false},"author":1,"featured_media":0,"parent":0,"menu_order":0,"comment_status":"closed","ping_status":"closed","template":"","meta":{"footnotes":""},"class_list":["post-47","page","type-page","status-publish","hentry"],"_links":{"self":[{"href":"https:\/\/www.ic-services.net\/index.php?rest_route=\/wp\/v2\/pages\/47","targetHints":{"allow":["GET"]}}],"collection":[{"href":"https:\/\/www.ic-services.net\/index.php?rest_route=\/wp\/v2\/pages"}],"about":[{"href":"https:\/\/www.ic-services.net\/index.php?rest_route=\/wp\/v2\/types\/page"}],"author":[{"embeddable":true,"href":"https:\/\/www.ic-services.net\/index.php?rest_route=\/wp\/v2\/users\/1"}],"replies":[{"embeddable":true,"href":"https:\/\/www.ic-services.net\/index.php?rest_route=%2Fwp%2Fv2%2Fcomments&post=47"}],"version-history":[{"count":3,"href":"https:\/\/www.ic-services.net\/index.php?rest_route=\/wp\/v2\/pages\/47\/revisions"}],"predecessor-version":[{"id":66,"href":"https:\/\/www.ic-services.net\/index.php?rest_route=\/wp\/v2\/pages\/47\/revisions\/66"}],"wp:attachment":[{"href":"https:\/\/www.ic-services.net\/index.php?rest_route=%2Fwp%2Fv2%2Fmedia&parent=47"}],"curies":[{"name":"wp","href":"https:\/\/api.w.org\/{rel}","templated":true}]}}